{"id":337,"date":"2024-03-13T10:03:51","date_gmt":"2024-03-13T09:03:51","guid":{"rendered":"https:\/\/www.edwardcrabbe.be\/public\/?page_id=337"},"modified":"2024-03-13T13:51:11","modified_gmt":"2024-03-13T12:51:11","slug":"la-protection-du-bois-a-lhuile-de-lin","status":"publish","type":"page","link":"https:\/\/www.edwardcrabbe.be\/public\/la-protection-du-bois-a-lhuile-de-lin\/","title":{"rendered":"La protection du bois \u00e0 l&rsquo;huile de lin"},"content":{"rendered":"\n<div class=\"wp-block-media-text is-stacked-on-mobile with80\"><figure class=\"wp-block-media-text__media\"><img loading=\"lazy\" decoding=\"async\" width=\"1024\" height=\"857\" src=\"https:\/\/www.edwardcrabbe.be\/public\/wp-content\/uploads\/2024\/03\/pinceau-lin-1024x857.jpg\" alt=\"\" class=\"wp-image-359 size-full\" srcset=\"https:\/\/www.edwardcrabbe.be\/public\/wp-content\/uploads\/2024\/03\/pinceau-lin-1024x857.jpg 1024w, https:\/\/www.edwardcrabbe.be\/public\/wp-content\/uploads\/2024\/03\/pinceau-lin-300x251.jpg 300w, https:\/\/www.edwardcrabbe.be\/public\/wp-content\/uploads\/2024\/03\/pinceau-lin-768x643.jpg 768w, https:\/\/www.edwardcrabbe.be\/public\/wp-content\/uploads\/2024\/03\/pinceau-lin.jpg 1379w\" sizes=\"auto, (max-width: 1024px) 100vw, 1024px\" \/><\/figure><div class=\"wp-block-media-text__content\">\n<h1 class=\"wp-block-heading\">La protection du bois \u00e0 l&rsquo;huile de lin<\/h1>\n\n\n\n<p>Depuis des si\u00e8cles, l\u2019huile de lin est utilis\u00e9e pour prot\u00e9ger les meubles, les planchers, les portes, les fen\u00eatres et les charpentes en bois. Elle est alli\u00e9 pr\u00e9cieux pour les apiculteurs soucieux de prot\u00e9ger leurs ruches en bois de mani\u00e8re \u00e9cologique et respectueuse de l\u2019environnement. Car elle est inoffensive pour les abeilles et \u00e9met une odeur appr\u00e9ci\u00e9e par ces derni\u00e8res.<\/p>\n\n\n\n<p><strong>C&rsquo;est pour cela que mes cr\u00e9ations sont prot\u00e9g\u00e9es \u00e0 l\u2019huile de lin, en plus c&rsquo;est un choix \u00e9cologique.<\/strong><\/p>\n<\/div><\/div>\n\n\n\n<div class=\"wp-block-group is-layout-constrained wp-block-group-is-layout-constrained\">\n<h2 class=\"wp-block-heading with80\">Pourquoi utiliser de l\u2019huile de lin ?<\/h2>\n\n\n\n<ul class=\"with80 wp-block-list\">\n<li>L\u2019huile de lin, 100 % naturelle, convient \u00e0 toutes les essences de bois (sauf le teck qui n\u00e9cessite une huile sp\u00e9cifique).<\/li>\n\n\n\n<li>Une fois appliqu\u00e9e uniform\u00e9ment sur la surface \u00e0 traiter, elle s\u00e8che pour former une couche protectrice. Elle nourrit le bois en profondeur et le prot\u00e8ge contre les intemp\u00e9ries (pluie, gr\u00eale, neige, vent, gel), les UV, les rayures, la poussi\u00e8re et le grisaillement.<\/li>\n\n\n\n<li>Elle poss\u00e8de \u00e9galement des propri\u00e9t\u00e9s antifongiques et repousse les attaques d\u2019insectes.<\/li>\n<\/ul>\n<\/div>\n","protected":false},"excerpt":{"rendered":"<p>La protection du bois \u00e0 l&rsquo;huile de lin Depuis des si\u00e8cles, l\u2019huile de lin est utilis\u00e9e pour prot\u00e9ger les meubles, [&hellip;]<\/p>\n","protected":false},"author":1,"featured_media":0,"parent":0,"menu_order":0,"comment_status":"closed","ping_status":"closed","template":"","meta":{"site-sidebar-layout":"default","site-content-layout":"","ast-site-content-layout":"","site-content-style":"default","site-sidebar-style":"default","ast-global-header-display":"","ast-banner-title-visibility":"","ast-main-header-display":"","ast-hfb-above-header-display":"","ast-hfb-below-header-display":"","ast-hfb-mobile-header-display":"","site-post-title":"disabled","ast-breadcrumbs-content":"","ast-featured-img":"","footer-sml-layout":"","theme-transparent-header-meta":"","adv-header-id-meta":"","stick-header-meta":"","header-above-stick-meta":"","header-main-stick-meta":"","header-below-stick-meta":"","astra-migrate-meta-layouts":"default","ast-page-background-enabled":"default","ast-page-background-meta":{"desktop":{"background-color":"var(--ast-global-color-4)","background-image":"","background-repeat":"repeat","background-position":"center center","background-size":"auto","background-attachment":"scroll","background-type":"","background-media":"","overlay-type":"","overlay-color":"","overlay-gradient":""},"tablet":{"background-color":"","background-image":"","background-repeat":"repeat","background-position":"center center","background-size":"auto","background-attachment":"scroll","background-type":"","background-media":"","overlay-type":"","overlay-color":"","overlay-gradient":""},"mobile":{"background-color":"","background-image":"","background-repeat":"repeat","background-position":"center center","background-size":"auto","background-attachment":"scroll","background-type":"","background-media":"","overlay-type":"","overlay-color":"","overlay-gradient":""}},"ast-content-background-meta":{"desktop":{"background-color":"var(--ast-global-color-5)","background-image":"","background-repeat":"repeat","background-position":"center center","background-size":"auto","background-attachment":"scroll","background-type":"","background-media":"","overlay-type":"","overlay-color":"","overlay-gradient":""},"tablet":{"background-color":"var(--ast-global-color-5)","background-image":"","background-repeat":"repeat","background-position":"center center","background-size":"auto","background-attachment":"scroll","background-type":"","background-media":"","overlay-type":"","overlay-color":"","overlay-gradient":""},"mobile":{"background-color":"var(--ast-global-color-5)","background-image":"","background-repeat":"repeat","background-position":"center center","background-size":"auto","background-attachment":"scroll","background-type":"","background-media":"","overlay-type":"","overlay-color":"","overlay-gradient":""}},"footnotes":""},"class_list":["post-337","page","type-page","status-publish","hentry"],"yoast_head":"<!-- This site is optimized with the Yoast SEO plugin v22.2 - https:\/\/yoast.com\/wordpress\/plugins\/seo\/ -->\n<title>La protection du bois \u00e0 l&#039;huile de lin - Edward Crabbe - Artisan cr\u00e9ateur<\/title>\n<meta name=\"description\" content=\"Depuis des si\u00e8cles, l\u2019huile de lin est utilis\u00e9e pour prot\u00e9ger les meubles, les planchers, les portes, les fen\u00eatres et les charpentes en bois.\" \/>\n<meta name=\"robots\" content=\"index, follow, max-snippet:-1, max-image-preview:large, max-video-preview:-1\" \/>\n<link rel=\"canonical\" href=\"https:\/\/www.edwardcrabbe.be\/public\/la-protection-du-bois-a-lhuile-de-lin\/\" \/>\n<meta property=\"og:locale\" content=\"fr_FR\" \/>\n<meta property=\"og:type\" content=\"article\" \/>\n<meta property=\"og:title\" content=\"La protection du bois \u00e0 l&#039;huile de lin\" \/>\n<meta property=\"og:description\" content=\"Depuis des si\u00e8cles, l\u2019huile de lin est utilis\u00e9e pour prot\u00e9ger les meubles, les planchers, les portes, les fen\u00eatres et les charpentes en bois.\" \/>\n<meta property=\"og:url\" content=\"https:\/\/www.edwardcrabbe.be\/public\/la-protection-du-bois-a-lhuile-de-lin\/\" \/>\n<meta property=\"og:site_name\" content=\"Edward Crabbe - Artisan cr\u00e9ateur\" \/>\n<meta property=\"article:publisher\" content=\"https:\/\/www.facebook.com\/edward.crabbe\" \/>\n<meta property=\"article:modified_time\" content=\"2024-03-13T12:51:11+00:00\" \/>\n<meta property=\"og:image\" content=\"https:\/\/www.edwardcrabbe.be\/public\/wp-content\/uploads\/2024\/03\/pinceau-lin.jpg\" \/>\n\t<meta property=\"og:image:width\" content=\"1379\" \/>\n\t<meta property=\"og:image:height\" content=\"1154\" \/>\n\t<meta property=\"og:image:type\" content=\"image\/jpeg\" \/>\n<meta name=\"twitter:card\" content=\"summary_large_image\" \/>\n<meta name=\"twitter:label1\" content=\"Dur\u00e9e de lecture est.\" \/>\n\t<meta name=\"twitter:data1\" content=\"2 minutes\" \/>\n<script type=\"application\/ld+json\" class=\"yoast-schema-graph\">{\"@context\":\"https:\/\/schema.org\",\"@graph\":[{\"@type\":\"WebPage\",\"@id\":\"https:\/\/www.edwardcrabbe.be\/public\/la-protection-du-bois-a-lhuile-de-lin\/\",\"url\":\"https:\/\/www.edwardcrabbe.be\/public\/la-protection-du-bois-a-lhuile-de-lin\/\",\"name\":\"La protection du bois \u00e0 l'huile de lin - Edward Crabbe - Artisan cr\u00e9ateur\",\"isPartOf\":{\"@id\":\"https:\/\/www.edwardcrabbe.be\/public\/#website\"},\"primaryImageOfPage\":{\"@id\":\"https:\/\/www.edwardcrabbe.be\/public\/la-protection-du-bois-a-lhuile-de-lin\/#primaryimage\"},\"image\":{\"@id\":\"https:\/\/www.edwardcrabbe.be\/public\/la-protection-du-bois-a-lhuile-de-lin\/#primaryimage\"},\"thumbnailUrl\":\"https:\/\/www.edwardcrabbe.be\/public\/wp-content\/uploads\/2024\/03\/pinceau-lin-1024x857.jpg\",\"datePublished\":\"2024-03-13T09:03:51+00:00\",\"dateModified\":\"2024-03-13T12:51:11+00:00\",\"description\":\"Depuis des si\u00e8cles, l\u2019huile de lin est utilis\u00e9e pour prot\u00e9ger les meubles, les planchers, les portes, les fen\u00eatres et les charpentes en bois.\",\"breadcrumb\":{\"@id\":\"https:\/\/www.edwardcrabbe.be\/public\/la-protection-du-bois-a-lhuile-de-lin\/#breadcrumb\"},\"inLanguage\":\"fr-BE\",\"potentialAction\":[{\"@type\":\"ReadAction\",\"target\":[\"https:\/\/www.edwardcrabbe.be\/public\/la-protection-du-bois-a-lhuile-de-lin\/\"]}]},{\"@type\":\"ImageObject\",\"inLanguage\":\"fr-BE\",\"@id\":\"https:\/\/www.edwardcrabbe.be\/public\/la-protection-du-bois-a-lhuile-de-lin\/#primaryimage\",\"url\":\"https:\/\/www.edwardcrabbe.be\/public\/wp-content\/uploads\/2024\/03\/pinceau-lin.jpg\",\"contentUrl\":\"https:\/\/www.edwardcrabbe.be\/public\/wp-content\/uploads\/2024\/03\/pinceau-lin.jpg\",\"width\":1379,\"height\":1154},{\"@type\":\"BreadcrumbList\",\"@id\":\"https:\/\/www.edwardcrabbe.be\/public\/la-protection-du-bois-a-lhuile-de-lin\/#breadcrumb\",\"itemListElement\":[{\"@type\":\"ListItem\",\"position\":1,\"name\":\"Accueil\",\"item\":\"https:\/\/www.edwardcrabbe.be\/public\/\"},{\"@type\":\"ListItem\",\"position\":2,\"name\":\"La protection du bois \u00e0 l&rsquo;huile de lin\"}]},{\"@type\":\"WebSite\",\"@id\":\"https:\/\/www.edwardcrabbe.be\/public\/#website\",\"url\":\"https:\/\/www.edwardcrabbe.be\/public\/\",\"name\":\"Edward Crabbe - Artisan cr\u00e9ateur\",\"description\":\"\",\"publisher\":{\"@id\":\"https:\/\/www.edwardcrabbe.be\/public\/#organization\"},\"potentialAction\":[{\"@type\":\"SearchAction\",\"target\":{\"@type\":\"EntryPoint\",\"urlTemplate\":\"https:\/\/www.edwardcrabbe.be\/public\/?s={search_term_string}\"},\"query-input\":\"required name=search_term_string\"}],\"inLanguage\":\"fr-BE\"},{\"@type\":\"Organization\",\"@id\":\"https:\/\/www.edwardcrabbe.be\/public\/#organization\",\"name\":\"Edward Crabbe - Artisan cr\u00e9ateur\",\"url\":\"https:\/\/www.edwardcrabbe.be\/public\/\",\"logo\":{\"@type\":\"ImageObject\",\"inLanguage\":\"fr-BE\",\"@id\":\"https:\/\/www.edwardcrabbe.be\/public\/#\/schema\/logo\/image\/\",\"url\":\"https:\/\/www.edwardcrabbe.be\/public\/wp-content\/uploads\/2024\/03\/280338780_10160212788174310_4684229033592049480_n.jpeg\",\"contentUrl\":\"https:\/\/www.edwardcrabbe.be\/public\/wp-content\/uploads\/2024\/03\/280338780_10160212788174310_4684229033592049480_n.jpeg\",\"width\":956,\"height\":960,\"caption\":\"Edward Crabbe - Artisan cr\u00e9ateur\"},\"image\":{\"@id\":\"https:\/\/www.edwardcrabbe.be\/public\/#\/schema\/logo\/image\/\"},\"sameAs\":[\"https:\/\/www.facebook.com\/edward.crabbe\"]}]}<\/script>\n<!-- \/ Yoast SEO plugin. -->","yoast_head_json":{"title":"La protection du bois \u00e0 l'huile de lin - Edward Crabbe - Artisan cr\u00e9ateur","description":"Depuis des si\u00e8cles, l\u2019huile de lin est utilis\u00e9e pour prot\u00e9ger les meubles, les planchers, les portes, les fen\u00eatres et les charpentes en bois.","robots":{"index":"index","follow":"follow","max-snippet":"max-snippet:-1","max-image-preview":"max-image-preview:large","max-video-preview":"max-video-preview:-1"},"canonical":"https:\/\/www.edwardcrabbe.be\/public\/la-protection-du-bois-a-lhuile-de-lin\/","og_locale":"fr_FR","og_type":"article","og_title":"La protection du bois \u00e0 l'huile de lin","og_description":"Depuis des si\u00e8cles, l\u2019huile de lin est utilis\u00e9e pour prot\u00e9ger les meubles, les planchers, les portes, les fen\u00eatres et les charpentes en bois.","og_url":"https:\/\/www.edwardcrabbe.be\/public\/la-protection-du-bois-a-lhuile-de-lin\/","og_site_name":"Edward Crabbe - Artisan cr\u00e9ateur","article_publisher":"https:\/\/www.facebook.com\/edward.crabbe","article_modified_time":"2024-03-13T12:51:11+00:00","og_image":[{"width":1379,"height":1154,"url":"https:\/\/www.edwardcrabbe.be\/public\/wp-content\/uploads\/2024\/03\/pinceau-lin.jpg","type":"image\/jpeg"}],"twitter_card":"summary_large_image","twitter_misc":{"Dur\u00e9e de lecture est.":"2 minutes"},"schema":{"@context":"https:\/\/schema.org","@graph":[{"@type":"WebPage","@id":"https:\/\/www.edwardcrabbe.be\/public\/la-protection-du-bois-a-lhuile-de-lin\/","url":"https:\/\/www.edwardcrabbe.be\/public\/la-protection-du-bois-a-lhuile-de-lin\/","name":"La protection du bois \u00e0 l'huile de lin - Edward Crabbe - Artisan cr\u00e9ateur","isPartOf":{"@id":"https:\/\/www.edwardcrabbe.be\/public\/#website"},"primaryImageOfPage":{"@id":"https:\/\/www.edwardcrabbe.be\/public\/la-protection-du-bois-a-lhuile-de-lin\/#primaryimage"},"image":{"@id":"https:\/\/www.edwardcrabbe.be\/public\/la-protection-du-bois-a-lhuile-de-lin\/#primaryimage"},"thumbnailUrl":"https:\/\/www.edwardcrabbe.be\/public\/wp-content\/uploads\/2024\/03\/pinceau-lin-1024x857.jpg","datePublished":"2024-03-13T09:03:51+00:00","dateModified":"2024-03-13T12:51:11+00:00","description":"Depuis des si\u00e8cles, l\u2019huile de lin est utilis\u00e9e pour prot\u00e9ger les meubles, les planchers, les portes, les fen\u00eatres et les charpentes en bois.","breadcrumb":{"@id":"https:\/\/www.edwardcrabbe.be\/public\/la-protection-du-bois-a-lhuile-de-lin\/#breadcrumb"},"inLanguage":"fr-BE","potentialAction":[{"@type":"ReadAction","target":["https:\/\/www.edwardcrabbe.be\/public\/la-protection-du-bois-a-lhuile-de-lin\/"]}]},{"@type":"ImageObject","inLanguage":"fr-BE","@id":"https:\/\/www.edwardcrabbe.be\/public\/la-protection-du-bois-a-lhuile-de-lin\/#primaryimage","url":"https:\/\/www.edwardcrabbe.be\/public\/wp-content\/uploads\/2024\/03\/pinceau-lin.jpg","contentUrl":"https:\/\/www.edwardcrabbe.be\/public\/wp-content\/uploads\/2024\/03\/pinceau-lin.jpg","width":1379,"height":1154},{"@type":"BreadcrumbList","@id":"https:\/\/www.edwardcrabbe.be\/public\/la-protection-du-bois-a-lhuile-de-lin\/#breadcrumb","itemListElement":[{"@type":"ListItem","position":1,"name":"Accueil","item":"https:\/\/www.edwardcrabbe.be\/public\/"},{"@type":"ListItem","position":2,"name":"La protection du bois \u00e0 l&rsquo;huile de lin"}]},{"@type":"WebSite","@id":"https:\/\/www.edwardcrabbe.be\/public\/#website","url":"https:\/\/www.edwardcrabbe.be\/public\/","name":"Edward Crabbe - Artisan cr\u00e9ateur","description":"","publisher":{"@id":"https:\/\/www.edwardcrabbe.be\/public\/#organization"},"potentialAction":[{"@type":"SearchAction","target":{"@type":"EntryPoint","urlTemplate":"https:\/\/www.edwardcrabbe.be\/public\/?s={search_term_string}"},"query-input":"required name=search_term_string"}],"inLanguage":"fr-BE"},{"@type":"Organization","@id":"https:\/\/www.edwardcrabbe.be\/public\/#organization","name":"Edward Crabbe - Artisan cr\u00e9ateur","url":"https:\/\/www.edwardcrabbe.be\/public\/","logo":{"@type":"ImageObject","inLanguage":"fr-BE","@id":"https:\/\/www.edwardcrabbe.be\/public\/#\/schema\/logo\/image\/","url":"https:\/\/www.edwardcrabbe.be\/public\/wp-content\/uploads\/2024\/03\/280338780_10160212788174310_4684229033592049480_n.jpeg","contentUrl":"https:\/\/www.edwardcrabbe.be\/public\/wp-content\/uploads\/2024\/03\/280338780_10160212788174310_4684229033592049480_n.jpeg","width":956,"height":960,"caption":"Edward Crabbe - Artisan cr\u00e9ateur"},"image":{"@id":"https:\/\/www.edwardcrabbe.be\/public\/#\/schema\/logo\/image\/"},"sameAs":["https:\/\/www.facebook.com\/edward.crabbe"]}]}},"_links":{"self":[{"href":"https:\/\/www.edwardcrabbe.be\/public\/wp-json\/wp\/v2\/pages\/337","targetHints":{"allow":["GET"]}}],"collection":[{"href":"https:\/\/www.edwardcrabbe.be\/public\/wp-json\/wp\/v2\/pages"}],"about":[{"href":"https:\/\/www.edwardcrabbe.be\/public\/wp-json\/wp\/v2\/types\/page"}],"author":[{"embeddable":true,"href":"https:\/\/www.edwardcrabbe.be\/public\/wp-json\/wp\/v2\/users\/1"}],"replies":[{"embeddable":true,"href":"https:\/\/www.edwardcrabbe.be\/public\/wp-json\/wp\/v2\/comments?post=337"}],"version-history":[{"count":7,"href":"https:\/\/www.edwardcrabbe.be\/public\/wp-json\/wp\/v2\/pages\/337\/revisions"}],"predecessor-version":[{"id":360,"href":"https:\/\/www.edwardcrabbe.be\/public\/wp-json\/wp\/v2\/pages\/337\/revisions\/360"}],"wp:attachment":[{"href":"https:\/\/www.edwardcrabbe.be\/public\/wp-json\/wp\/v2\/media?parent=337"}],"curies":[{"name":"wp","href":"https:\/\/api.w.org\/{rel}","templated":true}]}}